{"id":198,"date":"2017-07-28T12:54:06","date_gmt":"2017-07-28T12:54:06","guid":{"rendered":"http:\/\/www.donati-architecture.fr\/mentions-legales\/"},"modified":"2025-04-28T14:33:02","modified_gmt":"2025-04-28T14:33:02","slug":"mentions-legales","status":"publish","type":"page","link":"https:\/\/www.donati-architecture.fr\/en\/mentions-legales\/","title":{"rendered":"Mentions L\u00e9gales"},"content":{"rendered":"<div class=\"wpb-content-wrapper\"><p>[vc_row el_class=&#8221;mentions-legales&#8221;][vc_column][vc_column_text css=&#8221;&#8221;]<\/p>\n<div id=\"top-container\" class=\"clearfix\">\n<div id=\"right-container\">\n<div id=\"container\">\n<div id=\"content\">\n<div class=\"entry-content\">\n<div class=\"item-page\">\n<div class=\"tinyscrollbar\">\n<div class=\"viewport\">\n<div class=\"overview\">\n<h2 style=\"text-align: center;\" align=\"JUSTIFY\">MENTIONS L\u00c9GALES<\/h2>\n<\/div>\n<p>&nbsp;<\/p>\n<div class=\"overview\">\n<h2>Raison sociale<\/h2>\n<p>CABINET DONATI<br \/>\nSIRET : 50763562100018<br \/>\nNAF : Activit\u00e9s d&#8217;architecture (7111Z)<\/p>\n<h2>Coordonn\u00e9es<\/h2>\n<p>DONATI ARCHITECTURE<br \/>\n151 Impasse de la Sumerie,<br \/>\n06210 Mandelieu-la-Napoule<br \/>\nFrance<\/p>\n<p>T\u00e9l\u00e9phone : +33 (0) 6 28 25 06 59<br \/>\nE-mail : <a href=\"mailto:&#105;&#110;f&#111;&#64;&#100;o&#110;&#97;&#116;i-&#97;&#114;&#99;&#104;&#105;t&#101;ctu&#114;e&#46;&#102;r\">&#105;nfo&#64;donati-&#97;&#114;c&#104;it&#101;c&#116;u&#114;e.f&#114;<\/a><\/p>\n<h2>Responsable de la publication<\/h2>\n<p>DONATI OLIVIER<\/p>\n<h2>H\u00e9bergement du site<\/h2>\n<p>H\u00e9bergeur : OVH SERVEUR D\u00c9DI\u00c9 par Dpi design<br \/>\n2 rue Kellerman<br \/>\nRoubaix \u2013 France<br \/>\nSite Web :\u00a0https:\/\/www.ovh.com\/<\/p>\n<h2>Cr\u00e9ation et d\u00e9veloppement<\/h2>\n<p>Agence ComDZ<br \/>\nAdresse : 331 avenue du docteur Julien Lefebvre \u2013 06270 Villeneuve-Loubet<br \/>\nT\u00e9l\u00e9phone : 04 93 34 18 68<br \/>\nSite Web : <a href=\"https:\/\/www.comdz.fr\">www.comdz.fr<\/a><\/p>\n<h2>Cr\u00e9dit photos<\/h2>\n<p>Les \u00e9l\u00e9ments visuels int\u00e9gr\u00e9s sur ce site ont \u00e9t\u00e9 effectu\u00e9es par ComDZ. Certains \u00e9l\u00e9ments visuels peuvent \u00e9galement provenir de la banque d\u2019image Istock et de DONATI ARCHITECTURE.<\/p>\n<h2>Avertissement<\/h2>\n<p>Les informations contenues sur le site https:\/\/www.donati-architecture.fr ont un caract\u00e8re indicatif et non contractuel. Nous nous effor\u00e7ons d\u2019assurer l\u2019exactitude et la mise \u00e0 jour des informations diffus\u00e9es sur ce site, dont nous nous r\u00e9servons le droit<br \/>\nde corriger, \u00e0 tout moment et sans pr\u00e9avis, le contenu. Ce contenu est non-exhaustif. DONATI ARCHITECTURE d\u00e9cline toute responsabilit\u00e9 en cas d\u2019erreur, d\u2019inexactitude ou d\u2019omission dans ces informations.<\/p>\n<h2>Droit de propri\u00e9t\u00e9<\/h2>\n<p>Le site et les diff\u00e9rents \u00e9l\u00e9ments le composant sont prot\u00e9g\u00e9s par le droit de la propri\u00e9t\u00e9 intellectuelle et industrielle. Par cons\u00e9quent, toute repr\u00e9sentation, toute reproduction et, de mani\u00e8re plus g\u00e9n\u00e9rale, toute exploitation, par quelque proc\u00e9d\u00e9 que<br \/>\nce soit, de tout ou partie du site (sa structure g\u00e9n\u00e9rale, photographies, informations, ic\u00f4nes, logos, graphismes y figurant), sans l\u2019autorisation pr\u00e9alable et \u00e9crite de DONATI ARCHITECTURE est strictement interdite. Les informations<br \/>\ncontenues sur le site sont exclusivement r\u00e9serv\u00e9es \u00e0 un usage priv\u00e9. La reproduction de tout document publi\u00e9 sur le site de https:\/\/www.donati-architecture.fr et l\u2019utilisation de copies r\u00e9alis\u00e9es n\u2019est autoris\u00e9 qu\u2019\u00e0 des fins d\u2019information pour un<br \/>\nusage personnel et priv\u00e9.<\/p>\n<\/div>\n<\/div>\n<\/div>\n<\/div>\n<\/div>\n<\/div>\n<\/div>\n<\/div>\n<\/div>\n<p>[\/vc_column_text][\/vc_column][\/vc_row]<\/p>\n<\/div>","protected":false},"excerpt":{"rendered":"<p>[vc_row el_class=&#8221;mentions-legales&#8221;][vc_column][vc_column_text css=&#8221;&#8221;] MENTIONS L\u00c9GALES &nbsp; Raison sociale CABINET DONATI SIRET : 50763562100018 NAF : Activit\u00e9s d&#8217;architecture (7111Z) Coordonn\u00e9es DONATI ARCHITECTURE 151 Impasse de la Sumerie, 06210 Mandelieu-la-Napoule France T\u00e9l\u00e9phone : +33 (0) 6 28 25 06 59 E-mail : Responsable de la publication DONATI OLIVIER H\u00e9bergement du site H\u00e9bergeur : OVH SERVEUR D\u00c9DI\u00c9 par&#8230; <a href=\"https:\/\/www.donati-architecture.fr\/en\/mentions-legales\/\">Lire la suite&#8230;<\/a><\/p>\n","protected":false},"author":1,"featured_media":0,"parent":0,"menu_order":0,"comment_status":"closed","ping_status":"closed","template":"","meta":{"_acf_changed":false,"footnotes":""},"class_list":["post-198","page","type-page","status-publish","hentry"],"acf":[],"yoast_head":"<!-- This site is optimized with the Yoast SEO plugin v27.5 - https:\/\/yoast.com\/product\/yoast-seo-wordpress\/ -->\n<title>Mentions L\u00e9gales - Donati<\/title>\n<meta name=\"robots\" content=\"index, follow, max-snippet:-1, max-image-preview:large, max-video-preview:-1\" \/>\n<link rel=\"canonical\" href=\"https:\/\/www.donati-architecture.fr\/en\/mentions-legales\/\" \/>\n<meta property=\"og:locale\" content=\"en_US\" \/>\n<meta property=\"og:type\" content=\"article\" \/>\n<meta property=\"og:title\" content=\"Mentions L\u00e9gales - Donati\" \/>\n<meta property=\"og:description\" content=\"[vc_row el_class=&#8221;mentions-legales&#8221;][vc_column][vc_column_text css=&#8221;&#8221;] MENTIONS L\u00c9GALES &nbsp; Raison sociale CABINET DONATI SIRET : 50763562100018 NAF : Activit\u00e9s d&#8217;architecture (7111Z) Coordonn\u00e9es DONATI ARCHITECTURE 151 Impasse de la Sumerie, 06210 Mandelieu-la-Napoule France T\u00e9l\u00e9phone : +33 (0) 6 28 25 06 59 E-mail : Responsable de la publication DONATI OLIVIER H\u00e9bergement du site H\u00e9bergeur : OVH SERVEUR D\u00c9DI\u00c9 par... Lire la suite...\" \/>\n<meta property=\"og:url\" content=\"https:\/\/www.donati-architecture.fr\/en\/mentions-legales\/\" \/>\n<meta property=\"og:site_name\" content=\"Donati\" \/>\n<meta property=\"article:modified_time\" content=\"2025-04-28T14:33:02+00:00\" \/>\n<meta name=\"twitter:card\" content=\"summary_large_image\" \/>\n<meta name=\"twitter:label1\" content=\"Est. reading time\" \/>\n\t<meta name=\"twitter:data1\" content=\"2 minutes\" \/>\n<script type=\"application\/ld+json\" class=\"yoast-schema-graph\">{\"@context\":\"https:\\\/\\\/schema.org\",\"@graph\":[{\"@type\":\"WebPage\",\"@id\":\"https:\\\/\\\/www.donati-architecture.fr\\\/en\\\/mentions-legales\\\/\",\"url\":\"https:\\\/\\\/www.donati-architecture.fr\\\/en\\\/mentions-legales\\\/\",\"name\":\"Mentions L\u00e9gales - Donati\",\"isPartOf\":{\"@id\":\"https:\\\/\\\/www.donati-architecture.fr\\\/#website\"},\"datePublished\":\"2017-07-28T12:54:06+00:00\",\"dateModified\":\"2025-04-28T14:33:02+00:00\",\"breadcrumb\":{\"@id\":\"https:\\\/\\\/www.donati-architecture.fr\\\/en\\\/mentions-legales\\\/#breadcrumb\"},\"inLanguage\":\"en-US\",\"potentialAction\":[{\"@type\":\"ReadAction\",\"target\":[\"https:\\\/\\\/www.donati-architecture.fr\\\/en\\\/mentions-legales\\\/\"]}]},{\"@type\":\"BreadcrumbList\",\"@id\":\"https:\\\/\\\/www.donati-architecture.fr\\\/en\\\/mentions-legales\\\/#breadcrumb\",\"itemListElement\":[{\"@type\":\"ListItem\",\"position\":1,\"name\":\"Home\",\"item\":\"https:\\\/\\\/www.donati-architecture.fr\\\/en\\\/\"},{\"@type\":\"ListItem\",\"position\":2,\"name\":\"Mentions L\u00e9gales\"}]},{\"@type\":\"WebSite\",\"@id\":\"https:\\\/\\\/www.donati-architecture.fr\\\/#website\",\"url\":\"https:\\\/\\\/www.donati-architecture.fr\\\/\",\"name\":\"Donati\",\"description\":\"Architecture &amp; Agencement\",\"potentialAction\":[{\"@type\":\"SearchAction\",\"target\":{\"@type\":\"EntryPoint\",\"urlTemplate\":\"https:\\\/\\\/www.donati-architecture.fr\\\/?s={search_term_string}\"},\"query-input\":{\"@type\":\"PropertyValueSpecification\",\"valueRequired\":true,\"valueName\":\"search_term_string\"}}],\"inLanguage\":\"en-US\"}]}<\/script>\n<!-- \/ Yoast SEO plugin. -->","yoast_head_json":{"title":"Mentions L\u00e9gales - Donati","robots":{"index":"index","follow":"follow","max-snippet":"max-snippet:-1","max-image-preview":"max-image-preview:large","max-video-preview":"max-video-preview:-1"},"canonical":"https:\/\/www.donati-architecture.fr\/en\/mentions-legales\/","og_locale":"en_US","og_type":"article","og_title":"Mentions L\u00e9gales - Donati","og_description":"[vc_row el_class=&#8221;mentions-legales&#8221;][vc_column][vc_column_text css=&#8221;&#8221;] MENTIONS L\u00c9GALES &nbsp; Raison sociale CABINET DONATI SIRET : 50763562100018 NAF : Activit\u00e9s d&#8217;architecture (7111Z) Coordonn\u00e9es DONATI ARCHITECTURE 151 Impasse de la Sumerie, 06210 Mandelieu-la-Napoule France T\u00e9l\u00e9phone : +33 (0) 6 28 25 06 59 E-mail : Responsable de la publication DONATI OLIVIER H\u00e9bergement du site H\u00e9bergeur : OVH SERVEUR D\u00c9DI\u00c9 par... Lire la suite...","og_url":"https:\/\/www.donati-architecture.fr\/en\/mentions-legales\/","og_site_name":"Donati","article_modified_time":"2025-04-28T14:33:02+00:00","twitter_card":"summary_large_image","twitter_misc":{"Est. reading time":"2 minutes"},"schema":{"@context":"https:\/\/schema.org","@graph":[{"@type":"WebPage","@id":"https:\/\/www.donati-architecture.fr\/en\/mentions-legales\/","url":"https:\/\/www.donati-architecture.fr\/en\/mentions-legales\/","name":"Mentions L\u00e9gales - Donati","isPartOf":{"@id":"https:\/\/www.donati-architecture.fr\/#website"},"datePublished":"2017-07-28T12:54:06+00:00","dateModified":"2025-04-28T14:33:02+00:00","breadcrumb":{"@id":"https:\/\/www.donati-architecture.fr\/en\/mentions-legales\/#breadcrumb"},"inLanguage":"en-US","potentialAction":[{"@type":"ReadAction","target":["https:\/\/www.donati-architecture.fr\/en\/mentions-legales\/"]}]},{"@type":"BreadcrumbList","@id":"https:\/\/www.donati-architecture.fr\/en\/mentions-legales\/#breadcrumb","itemListElement":[{"@type":"ListItem","position":1,"name":"Home","item":"https:\/\/www.donati-architecture.fr\/en\/"},{"@type":"ListItem","position":2,"name":"Mentions L\u00e9gales"}]},{"@type":"WebSite","@id":"https:\/\/www.donati-architecture.fr\/#website","url":"https:\/\/www.donati-architecture.fr\/","name":"Donati","description":"Architecture &amp; Agencement","potentialAction":[{"@type":"SearchAction","target":{"@type":"EntryPoint","urlTemplate":"https:\/\/www.donati-architecture.fr\/?s={search_term_string}"},"query-input":{"@type":"PropertyValueSpecification","valueRequired":true,"valueName":"search_term_string"}}],"inLanguage":"en-US"}]}},"_links":{"self":[{"href":"https:\/\/www.donati-architecture.fr\/en\/wp-json\/wp\/v2\/pages\/198","targetHints":{"allow":["GET"]}}],"collection":[{"href":"https:\/\/www.donati-architecture.fr\/en\/wp-json\/wp\/v2\/pages"}],"about":[{"href":"https:\/\/www.donati-architecture.fr\/en\/wp-json\/wp\/v2\/types\/page"}],"author":[{"embeddable":true,"href":"https:\/\/www.donati-architecture.fr\/en\/wp-json\/wp\/v2\/users\/1"}],"replies":[{"embeddable":true,"href":"https:\/\/www.donati-architecture.fr\/en\/wp-json\/wp\/v2\/comments?post=198"}],"version-history":[{"count":5,"href":"https:\/\/www.donati-architecture.fr\/en\/wp-json\/wp\/v2\/pages\/198\/revisions"}],"predecessor-version":[{"id":4582,"href":"https:\/\/www.donati-architecture.fr\/en\/wp-json\/wp\/v2\/pages\/198\/revisions\/4582"}],"wp:attachment":[{"href":"https:\/\/www.donati-architecture.fr\/en\/wp-json\/wp\/v2\/media?parent=198"}],"curies":[{"name":"wp","href":"https:\/\/api.w.org\/{rel}","templated":true}]}}